{"id":15,"date":"2016-03-16T13:12:44","date_gmt":"2016-03-16T13:12:44","guid":{"rendered":"http:\/\/www.123-etiketten.at\/?page_id=15"},"modified":"2025-03-12T14:49:57","modified_gmt":"2025-03-12T14:49:57","slug":"impressum","status":"publish","type":"page","link":"https:\/\/www.123-etiketten.at\/?page_id=15","title":{"rendered":"IMPRESSUM"},"content":{"rendered":"<div id=\"pl-15\"  class=\"panel-layout\" ><div id=\"pg-15-0\"  class=\"panel-grid panel-no-style\" ><div id=\"pgc-15-0-0\"  class=\"panel-grid-cell\" ><div id=\"panel-15-0-0-0\" class=\"so-panel widget widget_sow-editor panel-first-child panel-last-child\" data-index=\"0\" ><div\n\t\t\t\n\t\t\tclass=\"so-widget-sow-editor so-widget-sow-editor-base\"\n\t\t\t\n\t\t>\n<div class=\"siteorigin-widget-tinymce textwidget\">\n\t<div id=\"output-impressum\" class=\"greybg padding innershadow\">\n<p>1.2.3. Etiketten GmbH<br \/>\nHaid 31<br \/>\n4870<br \/>\nV\u00f6cklamarkt<br \/>\n\u00d6sterreich<\/p>\n<p>+43 7682 21233 0<br \/>\n+43 7682 21233 29<br \/>\n<a href=\"mailto:office@123-etiketten.at\">office@123-etiketten.at<\/a><\/p>\n<p>Gesch\u00e4ftsf\u00fchrer:<br \/>\nSteffen Gramsch<\/p>\n<p>Produktion und Vertrieb von Etiketten und Spendeanlagen<br \/>\nATU70031459<br \/>\nFN442631d<br \/>\nLandesgericht Wels<br \/>\nWK\u00d6<br \/>\nhttp:\/\/www.ris.bka.gv.at\/<br \/>\nBezirkshauptmannschaft V\u00f6cklabruck<br \/>\n\u00d6sterreich<\/p>\n<\/div>\n<p>Diese Website benutzt Google Analytics, einen Webanalysedienst der Google Inc. (\u201eGoogle\"). Google Analytics verwendet sog. \u201e<span class=\"mytool\"><a title=\"Ein Cookie ist eine Textdatei auf einem Computer. Sie enth\u00e4lt typischerweise Daten \u00fcber besuchte Webseiten, die der Webbrowser beim Surfen im Internet speichert. Im f\u00fcr den Anwender besten Fall dient ein Cookie dazu, dass er sich beim wiederholten Besuch einer verschl\u00fcsselten Seite nicht erneut anmelden muss.\" href=\"https:\/\/www.ithelps.at\/408-cookie\">Cookies<\/a><\/span>\", Textdateien, die auf Ihrem Computer gespeichert werden und die eine Analyse der Benutzung der Website durch Sie erm\u00f6glichen. Die durch den Cookie erzeugten Informationen \u00fcber Ihre Benutzung dieser Website (einschlie\u00dflich Ihrer <span class=\"mytool\"><a title=\"Die IP-Adresse ist eine Netzwerkadresse in einem Computernetzwerk. Jedes angeschlossen Ger\u00e4te, welches mit anderen Ger\u00e4ten kommuniziren m\u00f6chte, ben\u00f6tigt diese. In einem Netzwerk verteilt der DHCP, diese. Es ist aber auch m\u00f6glich diese manuell einzurichten. Die IP-Adresse ist \u00e4hnlich wie eine Postanschrift bei einem Haus \/ Grundst\u00fcck zu verstehen.\" href=\"https:\/\/www.ithelps.at\/16-ip-adresse\">IP-Adresse<\/a><\/span>) wird an einen <span class=\"mytool\"><a title=\"Das Wort Server kommt von dem englischen Begriff 'to serve ' und bedeutet \u00fcbersetzt 'zu dienen' Dieser stellt in einem Computernetzwerk gewisse Services zur Verf\u00fcgung. Spricht man von einem Server, ist hier die Hardware und Software als eines gemeint.\" href=\"https:\/\/www.ithelps.at\/10-server\">Server<\/a><\/span> von Google in den USA \u00fcbertragen und dort gespeichert. Google wird diese Informationen benutzen, um Ihre Nutzung der Website auszuwerten, um Reports \u00fcber die Websiteaktivit\u00e4ten f\u00fcr die Websitebetreiber zusammenzustellen und um weitere mit der Websitenutzung und der Internetnutzung verbundene Dienstleistungen zu erbringen. Auch wird Google diese Informationen gegebenenfalls an Dritte \u00fcbertragen, sofern dies gesetzlich vorgeschrieben oder soweit Dritte diese Daten im Auftrag von Google verarbeiten. Google wird in keinem Fall Ihre IP-Adresse mit anderen Daten von Google in Verbindung bringen. Sie k\u00f6nnen die Installation der Cookies durch eine entsprechende Einstellung Ihrer <span class=\"mytool\"><a title=\"Ein Browser ist ein Programm welches zur Darstellung von Webseiten dient. Die bekanntesten Browser sind der Internet Explorer, Safari, Firefox, Google Chrome.\" href=\"https:\/\/www.ithelps.at\/35-browser\">Browser<\/a><\/span> <span class=\"mytool\"><a title=\"Von einer Software spricht man in der IT von allem was man nicht physisch angreifen kann. Das Gegenteil w\u00e4re die Hardware\" href=\"https:\/\/www.ithelps.at\/25-software\">Software<\/a><\/span> verhindern; wir weisen Sie jedoch darauf hin, dass Sie in diesem Fall gegebenenfalls nicht s\u00e4mtliche Funktionen dieser Website vollumf\u00e4nglich nutzen k\u00f6nnen.<\/p>\n<p>Durch die Nutzung dieser Website erkl\u00e4ren Sie sich mit der Bearbeitung der \u00fcber Sie erhobenen Daten durch Google in der zuvor beschriebenen Art und Weise und zu dem zuvor benannten Zweck einverstanden. Der Datenerhebung und -speicherung kann <a href=\"http:\/\/tools.google.com\/dlpage\/gaoptout?hl=de\" target=\"_blank\" rel=\"noopener noreferrer\">jederzeit mit Wirkung f\u00fcr die Zukunft widersprochen<img decoding=\"async\" src=\"https:\/\/www.ithelps.at\/components\/com_sh404sef\/images\/external-black.png\" alt=\"jederzeit mit Wirkung f\u00fcr die Zukunft widersprochen\" border=\"0\" \/><\/a> werden. Angesichts der Diskussion um den Einsatz von Analysetools mit vollst\u00e4ndigen IP-Adressen m\u00f6chten wir darauf hinweisen, dass diese Website Google Analytics mit der Erweiterung \u201e_anonymizeIp()\" verwendet und daher IP-Adressen nur gek\u00fcrzt weiterverarbeitet werden, um eine direkte Personenbeziehbarkeit auszuschlie\u00dfen.<\/p>\n<\/div>\n<\/div><\/div><\/div><\/div><\/div>","protected":false},"excerpt":{"rendered":"<p>1.2.3. Etiketten GmbH Haid 31 4870 V\u00f6cklamarkt \u00d6sterreich +43 7682 21233 0 +43 7682 21233 29 office@123-etiketten.at Gesch\u00e4ftsf\u00fchrer: Steffen Gramsch Produktion und Vertrieb von Etiketten und Spendeanlagen ATU70031459 FN442631d Landesgericht Wels WK\u00d6 http:\/\/www.ris.bka.gv.at\/ Bezirkshauptmannschaft V\u00f6cklabruck \u00d6sterreich Diese Website benutzt Google Analytics, einen Webanalysedienst der Google Inc. (\u201eGoogle&#8220;). Google Analytics verwendet sog. \u201eCookies&#8220;, Textdateien, die auf &hellip; <a href=\"https:\/\/www.123-etiketten.at\/?page_id=15\" title=\"IMPRESSUM\" class=\"read-more\">Read More<\/a><\/p>\n","protected":false},"author":1,"featured_media":0,"parent":0,"menu_order":0,"comment_status":"closed","ping_status":"closed","template":"","meta":[],"_links":{"self":[{"href":"https:\/\/www.123-etiketten.at\/index.php?rest_route=\/wp\/v2\/pages\/15"}],"collection":[{"href":"https:\/\/www.123-etiketten.at\/index.php?rest_route=\/wp\/v2\/pages"}],"about":[{"href":"https:\/\/www.123-etiketten.at\/index.php?rest_route=\/wp\/v2\/types\/page"}],"author":[{"embeddable":true,"href":"https:\/\/www.123-etiketten.at\/index.php?rest_route=\/wp\/v2\/users\/1"}],"replies":[{"embeddable":true,"href":"https:\/\/www.123-etiketten.at\/index.php?rest_route=%2Fwp%2Fv2%2Fcomments&post=15"}],"version-history":[{"count":15,"href":"https:\/\/www.123-etiketten.at\/index.php?rest_route=\/wp\/v2\/pages\/15\/revisions"}],"predecessor-version":[{"id":835,"href":"https:\/\/www.123-etiketten.at\/index.php?rest_route=\/wp\/v2\/pages\/15\/revisions\/835"}],"wp:attachment":[{"href":"https:\/\/www.123-etiketten.at\/index.php?rest_route=%2Fwp%2Fv2%2Fmedia&parent=15"}],"curies":[{"name":"wp","href":"https:\/\/api.w.org\/{rel}","templated":true}]}}